{"id":1169,"date":"2024-07-23T20:31:03","date_gmt":"2024-07-23T20:31:03","guid":{"rendered":"https:\/\/pruebagj.amx.marketing\/?page_id=1169"},"modified":"2024-10-23T20:49:55","modified_gmt":"2024-10-23T20:49:55","slug":"blog-english","status":"publish","type":"page","link":"https:\/\/grupojauregui.com\/en\/blog\/","title":{"rendered":"Blog"},"content":{"rendered":"<div data-elementor-type=\"wp-page\" data-elementor-id=\"1169\" class=\"elementor elementor-1169\" data-elementor-post-type=\"page\">\n\t\t\t\t\t\t<section class=\"elementor-section elementor-top-section elementor-element elementor-element-e790efb elementor-section-height-min-height elementor-section-items-stretch elementor-section-content-middle elementor-section-boxed elementor-section-height-default\" data-id=\"e790efb\" data-element_type=\"section\" data-e-type=\"section\" data-settings=\"{&quot;background_background&quot;:&quot;classic&quot;}\">\n\t\t\t\t\t\t\t<div class=\"elementor-background-overlay\"><\/div>\n\t\t\t\t\t\t\t<div class=\"elementor-container elementor-column-gap-default\">\n\t\t\t\t\t<div class=\"elementor-column elementor-col-100 elementor-top-column elementor-element elementor-element-39d9e6a\" data-id=\"39d9e6a\" data-element_type=\"column\" data-e-type=\"column\">\n\t\t\t<div class=\"elementor-widget-wrap elementor-element-populated\">\n\t\t\t\t\t\t<div class=\"elementor-element elementor-element-97eb91d elementor-widget elementor-widget-elementskit-heading\" data-id=\"97eb91d\" data-element_type=\"widget\" data-e-type=\"widget\" data-widget_type=\"elementskit-heading.default\">\n\t\t\t\t<div class=\"elementor-widget-container\">\n\t\t\t\t\t<div class=\"ekit-wid-con\" ><div class=\"ekit-heading elementskit-section-title-wraper text_left   ekit_heading_tablet-text_center   ekit_heading_mobile-text_center\"><h1 class=\"ekit-heading--title elementskit-section-title\"><span><span>Blog<\/span><\/span> <\/h1><\/div><\/div>\t\t\t\t<\/div>\n\t\t\t\t<\/div>\n\t\t\t\t\t<\/div>\n\t\t<\/div>\n\t\t\t\t\t<\/div>\n\t\t<\/section>\n\t\t\t\t<section class=\"elementor-section elementor-top-section elementor-element elementor-element-4484c7de elementor-section-boxed elementor-section-height-default elementor-section-height-default\" data-id=\"4484c7de\" data-element_type=\"section\" data-e-type=\"section\">\n\t\t\t\t\t\t<div class=\"elementor-container elementor-column-gap-default\">\n\t\t\t\t\t<div class=\"elementor-column elementor-col-100 elementor-top-column elementor-element elementor-element-3d45d730\" data-id=\"3d45d730\" data-element_type=\"column\" data-e-type=\"column\">\n\t\t\t<div class=\"elementor-widget-wrap elementor-element-populated\">\n\t\t\t\t\t\t<section class=\"elementor-section elementor-inner-section elementor-element elementor-element-49980d87 elementor-section-boxed elementor-section-height-default elementor-section-height-default\" data-id=\"49980d87\" data-element_type=\"section\" data-e-type=\"section\">\n\t\t\t\t\t\t<div class=\"elementor-container elementor-column-gap-default\">\n\t\t\t\t\t<div class=\"elementor-column elementor-col-50 elementor-inner-column elementor-element elementor-element-3b49a103\" data-id=\"3b49a103\" data-element_type=\"column\" data-e-type=\"column\">\n\t\t\t<div class=\"elementor-widget-wrap elementor-element-populated\">\n\t\t\t\t\t\t<div class=\"elementor-element elementor-element-7e2fe789 elementor-widget-divider--view-line_text elementor-widget-divider--element-align-right elementor-widget elementor-widget-divider\" data-id=\"7e2fe789\" data-element_type=\"widget\" data-e-type=\"widget\" data-widget_type=\"divider.default\">\n\t\t\t\t<div class=\"elementor-widget-container\">\n\t\t\t\t\t\t\t<div class=\"elementor-divider\">\n\t\t\t<span class=\"elementor-divider-separator\">\n\t\t\t\t\t\t\t<span class=\"elementor-divider__text elementor-divider__element\">\n\t\t\t\tWelcome\t\t\t\t<\/span>\n\t\t\t\t\t\t<\/span>\n\t\t<\/div>\n\t\t\t\t\t\t<\/div>\n\t\t\t\t<\/div>\n\t\t\t\t<div class=\"elementor-element elementor-element-bb96c7d elementor-widget elementor-widget-elementskit-heading\" data-id=\"bb96c7d\" data-element_type=\"widget\" data-e-type=\"widget\" data-widget_type=\"elementskit-heading.default\">\n\t\t\t\t<div class=\"elementor-widget-container\">\n\t\t\t\t\t<div class=\"ekit-wid-con\" ><div class=\"ekit-heading elementskit-section-title-wraper text_left   ekit_heading_tablet-text_center   ekit_heading_mobile-text_center\"><h3 class=\"ekit-heading--title elementskit-section-title translation-block\">Grupo J\u00e1uregui\u2019s <span><span>blog<\/span><\/span><\/h3><\/div><\/div>\t\t\t\t<\/div>\n\t\t\t\t<\/div>\n\t\t\t\t\t<\/div>\n\t\t<\/div>\n\t\t\t\t<div class=\"elementor-column elementor-col-50 elementor-inner-column elementor-element elementor-element-11efbddd\" data-id=\"11efbddd\" data-element_type=\"column\" data-e-type=\"column\">\n\t\t\t<div class=\"elementor-widget-wrap elementor-element-populated\">\n\t\t\t\t\t\t<div class=\"elementor-element elementor-element-33adc7a elementor-widget elementor-widget-text-editor\" data-id=\"33adc7a\" data-element_type=\"widget\" data-e-type=\"widget\" data-widget_type=\"text-editor.default\">\n\t\t\t\t<div class=\"elementor-widget-container\">\n\t\t\t\t\t\t\t\t\t<p>In this space, we will explore the latest trends, innovations, and best practices in the industrial and logistics sector. Our goal is to provide valuable insights that drive your business growth and operational efficiency. Join us on this journey of discovery and continuous improvement in the industrial world.<\/p>\t\t\t\t\t\t\t\t<\/div>\n\t\t\t\t<\/div>\n\t\t\t\t\t<\/div>\n\t\t<\/div>\n\t\t\t\t\t<\/div>\n\t\t<\/section>\n\t\t\t\t<div class=\"elementor-element elementor-element-20987d0b elementor-widget elementor-widget-elementskit-blog-posts\" data-id=\"20987d0b\" data-element_type=\"widget\" data-e-type=\"widget\" data-widget_type=\"elementskit-blog-posts.default\">\n\t\t\t\t<div class=\"elementor-widget-container\">\n\t\t\t\t\t<div class=\"ekit-wid-con\" >        <div id=\"post-items--20987d0b\" class=\"row post-items\" data-masonry-config=\"true\">\n                    <div class=\"col-lg-4 col-md-6\">\n\n                                    <div class=\"elementskit-post-image-card\">\n                        <div class=\"elementskit-entry-header\">\n                                                            <a href=\"https:\/\/grupojauregui.com\/en\/como-la-proximidad-a-fronteras-y-aduanas-optimiza-la-cadena-de-suministro\/\" class=\"elementskit-entry-thumb\">\n                                    <img decoding=\"async\" src=\"https:\/\/grupojauregui.com\/wp-content\/uploads\/2024\/07\/Grupo-Jauregui-Banner-Parques-Industriales-Nuevo-Laredo-1.webp\" alt=\"How proximity to borders and customs enhances supply chain efficiency\">\n                                <\/a><!-- .elementskit-entry-thumb END -->\n                                                                                                    <div class=\"elementskit-meta-lists\">\n                                        <div class=\"elementskit-single-meta\"><span class=\"elementskit-meta-wraper\"><strong>23<\/strong>Jul<\/span><\/div>\n                                    <\/div>\n                                                                                            \n                            \n\t\t\t\t\t\t\t\t\t\t\t\t\t<\/div><!-- .elementskit-entry-header END -->\n\n\t\t\t\t\t\t<div class=\"elementskit-post-body\">\n\t\t\t\t\t\t\t\n\t\t\t\t\t\t\t\t\t\t\t\t\t\t\t\t\t\t\t\t\t\t\t\t\t\t\t\t<div class=\"post-meta-list\">\n\t\t\t\t\t\t\t\t\t\t\t\t\t<\/div>\n\t\t\t\t\t\t\t\t\t\t\t\t\t\n\t\t\t\t\t\t\t\t\n\t\t\t\t\t\t\t\t\t\t\t\t\t\t\t\t\t\t\t\t\t<h2 class=\"entry-title\">\n\t\t\t\t\t<a href=\"https:\/\/grupojauregui.com\/en\/como-la-proximidad-a-fronteras-y-aduanas-optimiza-la-cadena-de-suministro\/\">\n\t\t\t\t\t\tHow proximity to borders and customs enhances supply chain efficiency\t\t\t\t\t<\/a>\n\t\t\t\t<\/h2>\n\t\t\t\t\t\t\t\t\t\t\t\t\t\t\t\t\t\t\t\t\t\t\t\t\t\t\t\t\t\t\t\t                                                    <\/div><!-- .elementskit-post-body END -->\n                    <\/div>\n                \n            <\/div>\n                <\/div>\n       <\/div>\t\t\t\t<\/div>\n\t\t\t\t<\/div>\n\t\t\t\t\t<\/div>\n\t\t<\/div>\n\t\t\t\t\t<\/div>\n\t\t<\/section>\n\t\t\t\t<\/div>","protected":false},"excerpt":{"rendered":"<p>Blog Bienvenidos Blog de Grupo J\u00e1uregui En este espacio, exploraremos las \u00faltimas tendencias, innovaciones y mejores pr\u00e1cticas en el sector industrial y log\u00edstico. Nuestro objetivo es proporcionar informaci\u00f3n valiosa que impulse el crecimiento y la eficiencia operativa de tu negocio. Acomp\u00e1\u00f1anos en este viaje de descubrimiento y mejora continua en el mundo industrial. 23Jul C\u00f3mo [&hellip;]<\/p>\n","protected":false},"author":1,"featured_media":165,"parent":0,"menu_order":0,"comment_status":"closed","ping_status":"closed","template":"elementor_header_footer","meta":{"footnotes":""},"class_list":["post-1169","page","type-page","status-publish","has-post-thumbnail","hentry"],"yoast_head":"<!-- This site is optimized with the Yoast SEO plugin v27.3 - https:\/\/yoast.com\/product\/yoast-seo-wordpress\/ -->\n<title>Blog - Grupo J\u00e1uregui<\/title>\n<meta name=\"description\" content=\"En este blog exploraremos las \u00faltimas tendencias, innovaciones y mejores pr\u00e1cticas en el sector industrial y log\u00edstico. \u00a1Acomp\u00e1\u00f1anos!\" \/>\n<meta name=\"robots\" content=\"index, follow, max-snippet:-1, max-image-preview:large, max-video-preview:-1\" \/>\n<link rel=\"canonical\" href=\"https:\/\/grupojauregui.com\/en\/blog-english\/\" \/>\n<meta property=\"og:locale\" content=\"en_US\" \/>\n<meta property=\"og:type\" content=\"article\" \/>\n<meta property=\"og:title\" content=\"Blog - Grupo J\u00e1uregui\" \/>\n<meta property=\"og:description\" content=\"En este blog exploraremos las \u00faltimas tendencias, innovaciones y mejores pr\u00e1cticas en el sector industrial y log\u00edstico.\" \/>\n<meta property=\"og:url\" content=\"https:\/\/grupojauregui.com\/en\/blog-english\/\" \/>\n<meta property=\"og:site_name\" content=\"Grupo J\u00e1uregui\" \/>\n<meta property=\"article:modified_time\" content=\"2024-10-23T20:49:55+00:00\" \/>\n<meta property=\"og:image\" content=\"https:\/\/grupojauregui.com\/wp-content\/uploads\/2024\/06\/Grupo-Jauregui-Feature-Image-Web.webp\" \/>\n\t<meta property=\"og:image:width\" content=\"1200\" \/>\n\t<meta property=\"og:image:height\" content=\"675\" \/>\n\t<meta property=\"og:image:type\" content=\"image\/webp\" \/>\n<meta name=\"twitter:card\" content=\"summary_large_image\" \/>\n<meta name=\"twitter:title\" content=\"Blog - Grupo J\u00e1uregui\" \/>\n<meta name=\"twitter:description\" content=\"En este blog exploraremos las \u00faltimas tendencias, innovaciones y mejores pr\u00e1cticas en el sector industrial y log\u00edstico.\" \/>\n<meta name=\"twitter:image\" content=\"https:\/\/grupojauregui.com\/wp-content\/uploads\/2024\/06\/Grupo-Jauregui-Feature-Image-Web.webp\" \/>\n<meta name=\"twitter:label1\" content=\"Est. reading time\" \/>\n\t<meta name=\"twitter:data1\" content=\"1 minute\" \/>\n<script type=\"application\/ld+json\" class=\"yoast-schema-graph\">{\"@context\":\"https:\\\/\\\/schema.org\",\"@graph\":[{\"@type\":\"WebPage\",\"@id\":\"https:\\\/\\\/grupojauregui.com\\\/blog\\\/\",\"url\":\"https:\\\/\\\/grupojauregui.com\\\/blog\\\/\",\"name\":\"Blog - Grupo J\u00e1uregui\",\"isPartOf\":{\"@id\":\"https:\\\/\\\/grupojauregui.com\\\/#website\"},\"primaryImageOfPage\":{\"@id\":\"https:\\\/\\\/grupojauregui.com\\\/blog\\\/#primaryimage\"},\"image\":{\"@id\":\"https:\\\/\\\/grupojauregui.com\\\/blog\\\/#primaryimage\"},\"thumbnailUrl\":\"https:\\\/\\\/grupojauregui.com\\\/wp-content\\\/uploads\\\/2024\\\/06\\\/Grupo-Jauregui-Feature-Image-Web.webp\",\"datePublished\":\"2024-07-23T20:31:03+00:00\",\"dateModified\":\"2024-10-23T20:49:55+00:00\",\"description\":\"En este blog exploraremos las \u00faltimas tendencias, innovaciones y mejores pr\u00e1cticas en el sector industrial y log\u00edstico. \u00a1Acomp\u00e1\u00f1anos!\",\"breadcrumb\":{\"@id\":\"https:\\\/\\\/grupojauregui.com\\\/blog\\\/#breadcrumb\"},\"inLanguage\":\"en-US\",\"potentialAction\":[{\"@type\":\"ReadAction\",\"target\":[\"https:\\\/\\\/grupojauregui.com\\\/blog\\\/\"]}]},{\"@type\":\"ImageObject\",\"inLanguage\":\"en-US\",\"@id\":\"https:\\\/\\\/grupojauregui.com\\\/blog\\\/#primaryimage\",\"url\":\"https:\\\/\\\/grupojauregui.com\\\/wp-content\\\/uploads\\\/2024\\\/06\\\/Grupo-Jauregui-Feature-Image-Web.webp\",\"contentUrl\":\"https:\\\/\\\/grupojauregui.com\\\/wp-content\\\/uploads\\\/2024\\\/06\\\/Grupo-Jauregui-Feature-Image-Web.webp\",\"width\":1200,\"height\":675,\"caption\":\"Grupo J\u00e1uregui, una empresa con m\u00e1s de 60 a\u00f1os de experiencia, ofreciendo soluciones industriales y log\u00edsticas confiables.\"},{\"@type\":\"BreadcrumbList\",\"@id\":\"https:\\\/\\\/grupojauregui.com\\\/blog\\\/#breadcrumb\",\"itemListElement\":[{\"@type\":\"ListItem\",\"position\":1,\"name\":\"Home\",\"item\":\"https:\\\/\\\/grupojauregui.com\\\/\"},{\"@type\":\"ListItem\",\"position\":2,\"name\":\"Blog\"}]},{\"@type\":\"WebSite\",\"@id\":\"https:\\\/\\\/grupojauregui.com\\\/#website\",\"url\":\"https:\\\/\\\/grupojauregui.com\\\/\",\"name\":\"Grupo J\u00e1uregui\",\"description\":\"60 a\u00f1os Impulsando el Crecimiento Industrial de Nuevo Laredo\",\"publisher\":{\"@id\":\"https:\\\/\\\/grupojauregui.com\\\/#organization\"},\"potentialAction\":[{\"@type\":\"SearchAction\",\"target\":{\"@type\":\"EntryPoint\",\"urlTemplate\":\"https:\\\/\\\/grupojauregui.com\\\/?s={search_term_string}\"},\"query-input\":{\"@type\":\"PropertyValueSpecification\",\"valueRequired\":true,\"valueName\":\"search_term_string\"}}],\"inLanguage\":\"en-US\"},{\"@type\":\"Organization\",\"@id\":\"https:\\\/\\\/grupojauregui.com\\\/#organization\",\"name\":\"Grupo J\u00e1uregui\",\"url\":\"https:\\\/\\\/grupojauregui.com\\\/\",\"logo\":{\"@type\":\"ImageObject\",\"inLanguage\":\"en-US\",\"@id\":\"https:\\\/\\\/grupojauregui.com\\\/#\\\/schema\\\/logo\\\/image\\\/\",\"url\":\"https:\\\/\\\/grupojauregui.com\\\/wp-content\\\/uploads\\\/2024\\\/06\\\/Grupo-Jauregui-Logo.webp\",\"contentUrl\":\"https:\\\/\\\/grupojauregui.com\\\/wp-content\\\/uploads\\\/2024\\\/06\\\/Grupo-Jauregui-Logo.webp\",\"width\":600,\"height\":545,\"caption\":\"Grupo J\u00e1uregui\"},\"image\":{\"@id\":\"https:\\\/\\\/grupojauregui.com\\\/#\\\/schema\\\/logo\\\/image\\\/\"}}]}<\/script>\n<!-- \/ Yoast SEO plugin. -->","yoast_head_json":{"title":"Blog - Grupo J\u00e1uregui","description":"In this blog, we explore the latest trends, innovations, and best practices in the industrial and logistics sector. Join us!","robots":{"index":"index","follow":"follow","max-snippet":"max-snippet:-1","max-image-preview":"max-image-preview:large","max-video-preview":"max-video-preview:-1"},"canonical":"https:\/\/grupojauregui.com\/en\/blog-english\/","og_locale":"en_US","og_type":"article","og_title":"Blog - Grupo J\u00e1uregui","og_description":"En este blog exploraremos las \u00faltimas tendencias, innovaciones y mejores pr\u00e1cticas en el sector industrial y log\u00edstico.","og_url":"https:\/\/grupojauregui.com\/en\/blog-english\/","og_site_name":"Grupo J\u00e1uregui","article_modified_time":"2024-10-23T20:49:55+00:00","og_image":[{"width":1200,"height":675,"url":"https:\/\/grupojauregui.com\/wp-content\/uploads\/2024\/06\/Grupo-Jauregui-Feature-Image-Web.webp","type":"image\/webp"}],"twitter_card":"summary_large_image","twitter_title":"Blog - Grupo J\u00e1uregui","twitter_description":"En este blog exploraremos las \u00faltimas tendencias, innovaciones y mejores pr\u00e1cticas en el sector industrial y log\u00edstico.","twitter_image":"https:\/\/grupojauregui.com\/wp-content\/uploads\/2024\/06\/Grupo-Jauregui-Feature-Image-Web.webp","twitter_misc":{"Est. reading time":"1 minute"},"schema":{"@context":"https:\/\/schema.org","@graph":[{"@type":"WebPage","@id":"https:\/\/grupojauregui.com\/blog\/","url":"https:\/\/grupojauregui.com\/blog\/","name":"Blog - Grupo J\u00e1uregui","isPartOf":{"@id":"https:\/\/grupojauregui.com\/#website"},"primaryImageOfPage":{"@id":"https:\/\/grupojauregui.com\/blog\/#primaryimage"},"image":{"@id":"https:\/\/grupojauregui.com\/blog\/#primaryimage"},"thumbnailUrl":"https:\/\/grupojauregui.com\/wp-content\/uploads\/2024\/06\/Grupo-Jauregui-Feature-Image-Web.webp","datePublished":"2024-07-23T20:31:03+00:00","dateModified":"2024-10-23T20:49:55+00:00","description":"In this blog, we explore the latest trends, innovations, and best practices in the industrial and logistics sector. Join us!","breadcrumb":{"@id":"https:\/\/grupojauregui.com\/blog\/#breadcrumb"},"inLanguage":"en-US","potentialAction":[{"@type":"ReadAction","target":["https:\/\/grupojauregui.com\/blog\/"]}]},{"@type":"ImageObject","inLanguage":"en-US","@id":"https:\/\/grupojauregui.com\/blog\/#primaryimage","url":"https:\/\/grupojauregui.com\/wp-content\/uploads\/2024\/06\/Grupo-Jauregui-Feature-Image-Web.webp","contentUrl":"https:\/\/grupojauregui.com\/wp-content\/uploads\/2024\/06\/Grupo-Jauregui-Feature-Image-Web.webp","width":1200,"height":675,"caption":"Grupo J\u00e1uregui, una empresa con m\u00e1s de 60 a\u00f1os de experiencia, ofreciendo soluciones industriales y log\u00edsticas confiables."},{"@type":"BreadcrumbList","@id":"https:\/\/grupojauregui.com\/blog\/#breadcrumb","itemListElement":[{"@type":"ListItem","position":1,"name":"Home","item":"https:\/\/grupojauregui.com\/"},{"@type":"ListItem","position":2,"name":"Blog"}]},{"@type":"WebSite","@id":"https:\/\/grupojauregui.com\/#website","url":"https:\/\/grupojauregui.com\/","name":"Grupo J\u00e1uregui","description":"60 a\u00f1os Impulsando el Crecimiento Industrial de Nuevo Laredo","publisher":{"@id":"https:\/\/grupojauregui.com\/#organization"},"potentialAction":[{"@type":"SearchAction","target":{"@type":"EntryPoint","urlTemplate":"https:\/\/grupojauregui.com\/?s={search_term_string}"},"query-input":{"@type":"PropertyValueSpecification","valueRequired":true,"valueName":"search_term_string"}}],"inLanguage":"en-US"},{"@type":"Organization","@id":"https:\/\/grupojauregui.com\/#organization","name":"Grupo J\u00e1uregui","url":"https:\/\/grupojauregui.com\/","logo":{"@type":"ImageObject","inLanguage":"en-US","@id":"https:\/\/grupojauregui.com\/#\/schema\/logo\/image\/","url":"https:\/\/grupojauregui.com\/wp-content\/uploads\/2024\/06\/Grupo-Jauregui-Logo.webp","contentUrl":"https:\/\/grupojauregui.com\/wp-content\/uploads\/2024\/06\/Grupo-Jauregui-Logo.webp","width":600,"height":545,"caption":"Grupo J\u00e1uregui"},"image":{"@id":"https:\/\/grupojauregui.com\/#\/schema\/logo\/image\/"}}]}},"_links":{"self":[{"href":"https:\/\/grupojauregui.com\/en\/wp-json\/wp\/v2\/pages\/1169","targetHints":{"allow":["GET"]}}],"collection":[{"href":"https:\/\/grupojauregui.com\/en\/wp-json\/wp\/v2\/pages"}],"about":[{"href":"https:\/\/grupojauregui.com\/en\/wp-json\/wp\/v2\/types\/page"}],"author":[{"embeddable":true,"href":"https:\/\/grupojauregui.com\/en\/wp-json\/wp\/v2\/users\/1"}],"replies":[{"embeddable":true,"href":"https:\/\/grupojauregui.com\/en\/wp-json\/wp\/v2\/comments?post=1169"}],"version-history":[{"count":45,"href":"https:\/\/grupojauregui.com\/en\/wp-json\/wp\/v2\/pages\/1169\/revisions"}],"predecessor-version":[{"id":2765,"href":"https:\/\/grupojauregui.com\/en\/wp-json\/wp\/v2\/pages\/1169\/revisions\/2765"}],"wp:featuredmedia":[{"embeddable":true,"href":"https:\/\/grupojauregui.com\/en\/wp-json\/wp\/v2\/media\/165"}],"wp:attachment":[{"href":"https:\/\/grupojauregui.com\/en\/wp-json\/wp\/v2\/media?parent=1169"}],"curies":[{"name":"wp","href":"https:\/\/api.w.org\/{rel}","templated":true}]}}